{"id":18,"date":"2025-06-06T07:14:56","date_gmt":"2025-06-06T07:14:56","guid":{"rendered":"https:\/\/sonduonggreenfarm.com\/?page_id=18"},"modified":"2025-06-09T06:54:14","modified_gmt":"2025-06-09T06:54:14","slug":"trang-chu","status":"publish","type":"page","link":"https:\/\/sonduonggreenfarm.com\/","title":{"rendered":"Trang ch\u1ee7"},"content":{"rendered":"\n<p>Tr\u1ea3i qua 4 n\u0103m h\u00ecnh th\u00e0nh v\u00e0 ph\u00e1t tri\u1ec3n, \u0110\u1ee9c D\u01b0\u01a1ng Farm \u2013 \u0111\u1ee9a con \u0111\u1ea7u l\u00f2ng c\u1ee7a C\u00f4ng ty S\u01a1n D\u01b0\u01a1ng Green Farm \u2013 \u0111\u00e3 t\u1eebng b\u01b0\u1edbc kh\u1eb3ng \u0111\u1ecbnh v\u1ecb th\u1ebf tr\u00ean th\u1ecb tr\u01b0\u1eddng v\u1edbi di\u1ec7n m\u1ea1o m\u1edbi, t\u1ea7m cao m\u1edbi. T\u1ef1 h\u00e0o khi th\u01b0\u01a1ng hi\u1ec7u \u0111\u00e3 \u0111\u01b0\u1ee3c \u0111\u0103ng k\u00fd b\u1ea3o h\u1ed9 s\u1edf h\u1eefu tr\u00ed tu\u1ec7 v\u00e0 ki\u1ec3u d\u00e1ng c\u00f4ng nghi\u1ec7p b\u1edfi C\u1ee5c S\u1edf h\u1eefu tr\u00ed tu\u1ec7 \u2013 B\u1ed9 Khoa h\u1ecdc v\u00e0 C\u00f4ng ngh\u1ec7, \u0110\u1ee9c D\u01b0\u01a1ng Farm lu\u00f4n n\u1ed7 l\u1ef1c kh\u00f4ng ng\u1eebng \u0111\u1ec3 mang \u0111\u1ebfn nh\u1eefng s\u1ea3n ph\u1ea9m t\u01b0\u01a1i ngon, ch\u1ea5t l\u01b0\u1ee3ng v\u00e0 an to\u00e0n nh\u1ea5t cho ng\u01b0\u1eddi ti\u00eau d\u00f9ng. Ch\u00fang t\u00f4i xin g\u1eedi l\u1eddi c\u1ea3m \u01a1n ch\u00e2n th\u00e0nh t\u1edbi qu\u00fd kh\u00e1ch h\u00e0ng \u0111\u00e3 tin t\u01b0\u1edfng v\u00e0 \u0111\u1ed3ng h\u00e0nh c\u00f9ng \u0110\u1ee9c D\u01b0\u01a1ng Farm trong su\u1ed1t h\u00e0nh tr\u00ecnh 4 n\u0103m qua. <strong>\u0110\u1ee9c D\u01b0\u01a1ng Farm \u2013 Fresh and natural food for all!<\/strong><\/p>\n\n\n\n<iframe src=\"https:\/\/www.facebook.com\/plugins\/video.php?height=314&#038;href=https%3A%2F%2Fwww.facebook.com%2F445558362577163%2Fvideos%2F198541972332917%2F&#038;show_text=false&#038;width=560&#038;t=0\" width=\"560\" height=\"314\" style=\"border:none;overflow:hidden\" scrolling=\"no\" frameborder=\"0\" allowfullscreen=\"true\" allow=\"autoplay; clipboard-write; encrypted-media; picture-in-picture; web-share\" allowFullScreen=\"true\"><\/iframe>\n","protected":false},"excerpt":{"rendered":"<p>Tr\u1ea3i qua 4 n\u0103m h\u00ecnh th\u00e0nh v\u00e0 ph\u00e1t tri\u1ec3n, \u0110\u1ee9c D\u01b0\u01a1ng Farm \u2013 \u0111\u1ee9a con \u0111\u1ea7u l\u00f2ng c\u1ee7a C\u00f4ng ty S\u01a1n D\u01b0\u01a1ng Green Farm \u2013&#8230;<\/p>\n","protected":false},"author":1,"featured_media":0,"parent":0,"menu_order":0,"comment_status":"closed","ping_status":"closed","template":"","meta":{"footnotes":""},"class_list":["post-18","page","type-page","status-publish","hentry"],"_links":{"self":[{"href":"https:\/\/sonduonggreenfarm.com\/index.php?rest_route=\/wp\/v2\/pages\/18","targetHints":{"allow":["GET"]}}],"collection":[{"href":"https:\/\/sonduonggreenfarm.com\/index.php?rest_route=\/wp\/v2\/pages"}],"about":[{"href":"https:\/\/sonduonggreenfarm.com\/index.php?rest_route=\/wp\/v2\/types\/page"}],"author":[{"embeddable":true,"href":"https:\/\/sonduonggreenfarm.com\/index.php?rest_route=\/wp\/v2\/users\/1"}],"replies":[{"embeddable":true,"href":"https:\/\/sonduonggreenfarm.com\/index.php?rest_route=%2Fwp%2Fv2%2Fcomments&post=18"}],"version-history":[{"count":3,"href":"https:\/\/sonduonggreenfarm.com\/index.php?rest_route=\/wp\/v2\/pages\/18\/revisions"}],"predecessor-version":[{"id":68,"href":"https:\/\/sonduonggreenfarm.com\/index.php?rest_route=\/wp\/v2\/pages\/18\/revisions\/68"}],"wp:attachment":[{"href":"https:\/\/sonduonggreenfarm.com\/index.php?rest_route=%2Fwp%2Fv2%2Fmedia&parent=18"}],"curies":[{"name":"wp","href":"https:\/\/api.w.org\/{rel}","templated":true}]}}